{"id":2750,"date":"2023-07-05T13:14:56","date_gmt":"2023-07-05T12:14:56","guid":{"rendered":"https:\/\/www.casa-frayola.nl\/nieuw\/?page_id=2750"},"modified":"2023-07-05T13:24:30","modified_gmt":"2023-07-05T12:24:30","slug":"reviews-2","status":"publish","type":"page","link":"https:\/\/www.casa-frayola.nl\/nieuw\/reviews-2\/","title":{"rendered":"Reviews"},"content":{"rendered":"<div id=\"pl-2750\"  class=\"panel-layout\" ><div id=\"pg-2750-0\"  class=\"panel-grid panel-no-style\" ><div id=\"pgc-2750-0-0\"  class=\"panel-grid-cell\" ><\/div><\/div><div id=\"pg-2750-1\"  class=\"panel-grid panel-has-style\" ><div class=\"siteorigin-panels-stretch panel-row-style panel-row-style-for-2750-1\" data-stretch-type=\"full-stretched\" ><div id=\"pgc-2750-1-0\"  class=\"panel-grid-cell panel-grid-cell-empty\" ><\/div><div id=\"pgc-2750-1-1\"  class=\"panel-grid-cell panel-grid-cell-mobile-last\" ><div id=\"panel-2750-1-1-0\" class=\"so-panel widget widget_sow-editor panel-first-child panel-last-child\" data-index=\"1\" ><div\n\t\t\t\n\t\t\tclass=\"so-widget-sow-editor so-widget-sow-editor-base\"\n\t\t\t\n\t\t>\n<div class=\"siteorigin-widget-tinymce textwidget\">\n\t<div class=\"gwolle-gb\"><div class=\"gwolle_gb_messages_top_container\"><\/div>\n\t\t\t<div class=\"gwolle-gb-write-button\">\n\t\t\t\t<input type=\"button\" name=\"gwolle-gb-write-button\" class=\"button btn btn-default \" value=\"Schrijf een nieuw bericht.\" \/>\n\t\t\t<\/div>\n\t\t\t<form action=\"#\" method=\"POST\" class=\"gwolle-gb-write gwolle-gb-hide gwolle-gb-float gwolle_gb_form_ajax gwolle-gb-form-ajax gwolle-gb-ajax gwolle-gb-not-logged-in\">\n\t\t\t\t<h3>Schrijf een review<\/h3>\n\t\t\t\t<button type=\"button\" class=\"gb-notice-dismiss\">x<span class=\"screen-reader-text\">Verberg dit formulier.<\/span><\/button>\n\t\t\t\n\t\t\t\t<input type=\"hidden\" name=\"gwolle_gb_function\" class=\"gwolle_gb_function\" value=\"add_entry\" \/><input type=\"hidden\" name=\"gwolle_gb_book_id\" class=\"gwolle_gb_book_id\" value=\"1\" \/><div class=\"gwolle_gb_72e6539d047c124cdd63a6044601bf02\">\n\t\t\t\t<div class=\"label\"><label for=\"gwolle_gb_72e6539d047c124cdd63a6044601bf02\" class=\"text-info\">Naam <span class=\"required\">*<\/span><\/label><\/div>\n\t\t\t\t<div class=\"input\"><input class=\"wp-exclude-emoji gwolle_gb_72e6539d047c124cdd63a6044601bf02\" value=\"\" type=\"text\" name=\"gwolle_gb_72e6539d047c124cdd63a6044601bf02\" required \/><\/div>\n\t\t\t\t<div class=\"clearBoth\">&nbsp;<\/div>\n\t\t\t<\/div><div class=\"gwolle_gb_df06c615a4f389899f0be4464ec745ec\">\n\t\t\t\t<div class=\"label\"><label for=\"gwolle_gb_df06c615a4f389899f0be4464ec745ec\" class=\"text-info\">E-mail <span class=\"required\">*<\/span><\/label><\/div>\n\t\t\t\t<div class=\"input\"><input class=\"gwolle_gb_df06c615a4f389899f0be4464ec745ec\" value=\"\" type=\"email\" name=\"gwolle_gb_df06c615a4f389899f0be4464ec745ec\" required \/><\/div>\n\t\t\t\t<div class=\"clearBoth\">&nbsp;<\/div>\n\t\t\t<\/div>\n\t\t\t<div class=\"gwolle_gb_5a8c989e0d649238928b4080698c58cd\" style=\"display:none;overflow:hidden;\">\n\t\t\t\t<div class=\"label\">\n\t\t\t\t\t<label for=\"gwolle_gb_5a8c989e0d649238928b4080698c58cd\" class=\"text-primary\">Pas dit niet aan<\/label>\n\t\t\t\t\t<label for=\"gwolle_gb_d03872cd392272b4ba1015e094aef1f3\" class=\"text-primary\">Pas dit niet aan<\/label>\n\t\t\t\t<\/div>\n\t\t\t\t<div class=\"input\">\n\t\t\t\t\t<input value=\"46\" type=\"text\" name=\"gwolle_gb_5a8c989e0d649238928b4080698c58cd\" class=\"gwolle_gb_5a8c989e0d649238928b4080698c58cd\" style=\"transform: translateY(10000px);\" \/>\n\t\t\t\t\t<input value=\"\" type=\"text\" name=\"gwolle_gb_d03872cd392272b4ba1015e094aef1f3\" class=\"gwolle_gb_d03872cd392272b4ba1015e094aef1f3\" style=\"transform: translateY(10000px);\" \/>\n\t\t\t\t<\/div>\n\t\t\t\t<div class=\"clearBoth\"><\/div>\n\t\t\t<\/div>\n\t\t\t<div class=\"gwolle_gb_067803320f454c65d7593c22bbee5fa3\" style=\"display:none;overflow:hidden;\">\n\t\t\t\t<div class=\"label\">\n\t\t\t\t\t<label for=\"gwolle_gb_067803320f454c65d7593c22bbee5fa3\" class=\"text-primary\">Pas dit niet aan<\/label>\n\t\t\t\t\t<label for=\"gwolle_gb_c8aa5964edf01621adfff67f63efa399\" class=\"text-primary\">Pas dit niet aan<\/label>\n\t\t\t\t<\/div>\n\t\t\t\t<div class=\"input\">\n\t\t\t\t\t<input value=\"52586\" type=\"text\" name=\"gwolle_gb_067803320f454c65d7593c22bbee5fa3\" class=\"gwolle_gb_067803320f454c65d7593c22bbee5fa3\" style=\"transform: translateY(10000px);\" \/>\n\t\t\t\t\t<input value=\"52586\" type=\"text\" name=\"gwolle_gb_c8aa5964edf01621adfff67f63efa399\" class=\"gwolle_gb_c8aa5964edf01621adfff67f63efa399\" style=\"transform: translateY(10000px);\" \/>\n\t\t\t\t<\/div>\n\t\t\t\t<div class=\"clearBoth\"><\/div>\n\t\t\t<\/div><div class=\"gwolle_gb_content\">\n\t\t\t\t<div class=\"label\"><label for=\"gwolle_gb_content\" class=\"text-info\">Gastenboekbericht <span class=\"required\">*<\/span><\/label><\/div>\n\t\t\t\t<div class=\"input\"><textarea name=\"gwolle_gb_content\" class=\"gwolle_gb_content wp-exclude-emoji\" required ><\/textarea><\/div>\n\t\t\t\t\t<div class=\"clearBoth\">&nbsp;<\/div>\n\t\t\t\t<\/div><input type=\"hidden\" class=\"gwolle_gb_4198c2848815e23cfef92b484b55bd86\" name=\"gwolle_gb_4198c2848815e23cfef92b484b55bd86\" value=\"e1185dfd8f\" \/>\n\t\t\t<div class=\"gwolle_gb_messages_bottom_container\"><\/div>\n\n\t\t\t<noscript><div class=\"no-js\">Waarschuwing: dit formulier kan alleen gebruikt worden als JavaScript ingeschakeld is in de browser.<\/div><\/noscript>\n\n\t\t\t<div class=\"gwolle_gb_submit\">\n\t\t\t\t<div class=\"label gwolle-gb-invisible text-muted\">&nbsp;<\/div>\n\t\t\t\t<div class=\"input\">\n\t\t\t\t\t<input type=\"submit\" name=\"gwolle_gb_submit\" class=\"gwolle_gb_submit button btn btn-primary \" value=\"Indienen\" \/>\n\t\t\t\t\t<span class=\"gwolle_gb_submit_ajax_icon\"><\/span>\n\t\t\t\n\t\t\t\t<\/div>\n\t\t\t\t<div class=\"clearBoth\">&nbsp;<\/div>\n\t\t\t<\/div>\n\n\t\t\t<div class=\"gwolle_gb_notice\">\n\t\t\t\tVelden gemarkeerd met * zijn verplicht.<br \/>\r\nJe e-mailadres wordt niet gepubliceerd.<br \/>\r\nHet kan zijn dat je bericht pas zichtbaar wordt nadat we het beoordeeld hebben.<br \/>\r\nWe houden het recht om berichten niet te publiceren.\n\t\t\t<\/div><\/form><div class=\"gwolle-gb-read gwolle-gb-ajax gwolle-gb-entries-list\" data-book_id=\"1\" data-page_id=\"1\">\n\t\t<div id=\"gwolle-gb-total\" class=\"gwolle-gb-total\">16 berichten.<\/div><!-- Gwolle-GB Entry: Default Template Loaded -->\n\t\t\t\t<div class=\"gb-entry gb-entry_527 gb-entry-count_1 gwolle_gb_uneven gwolle-gb-uneven gwolle-gb-first\" data-entry_id=\"527\">\n\t\t\t\t<article>\n\t\t\t\t\t<div class=\"gb-author-info\">\n\t\t\t\t\t\t<span class=\"gb-author-name\">Mimount\n\t\t\t\t\t\t<\/span>\n\t\t\t\t\t<\/div>\n\t\t\t\t\t<div class=\"gb-entry-content\">Mooie nette villa met een prachtige zwembad in een rustige omgeving. Binnen 5 minuten bij je bij de winkels en je hebt mooie stranden in de buurt. Half uurtje rijden en je bent in Benidorm. Echt een aanrader om tot rust te komen. Kinderen vonden het geweldig. De eigenaar is ook top goede communicatie vanaf de begin tot eind en was hulpzaam. Dank je wel voor de goede service. Dit wordt een vaste vakantiehuis voor mij.\n\t\t\t\t\t<\/div>\n\t\t\t\t<\/article>\n\t\t\t<\/div>\n\t\t\t<div class=\"gb-entry gb-entry_174 gb-entry-count_2 gwolle_gb_even gwolle-gb-even\" data-entry_id=\"174\">\n\t\t\t\t<article>\n\t\t\t\t\t<div class=\"gb-author-info\">\n\t\t\t\t\t\t<span class=\"gb-author-name\">William en Petra\n\t\t\t\t\t\t<\/span>\n\t\t\t\t\t<\/div>\n\t\t\t\t\t<div class=\"gb-entry-content\">Wat is casa Frayola een heerlijk huis. Het voelde als thuiskomen. Een prachtige stek op een fantastische locatie tussen Moraira en Calpe. Daar mogen jullie met recht trots op zijn! We kenden de omgeving al maar hebben er weer heel veel nieuwe baaitjes, wandelroutes en zalige restaurantjes ontdekt. Kortom, volop genoten!!!\n\t\t\t\t\t<\/div>\n\t\t\t\t<\/article>\n\t\t\t<\/div>\n\t\t\t<div class=\"gb-entry gb-entry_120 gb-entry-count_3 gwolle_gb_uneven gwolle-gb-uneven\" data-entry_id=\"120\">\n\t\t\t\t<article>\n\t\t\t\t\t<div class=\"gb-author-info\">\n\t\t\t\t\t\t<span class=\"gb-author-name\">Nico\n\t\t\t\t\t\t<\/span>\n\t\t\t\t\t<\/div>\n\t\t\t\t\t<div class=\"gb-entry-content\">Top locatie en erg goed huisje. Super genoten van dit huisje. Zwembad wordt netjes schoongemaakt. Huisje was schoon bedden sliepen erg goed. Bij aankomst zeer vriendelijk ontvangen. Zowel contact ervoor als erna erg goed. Op elke slaapkamer airco aanwezig wat in het hoogseizoen echt top was. Kortom ontbrak niks op in het huisje. Komen graag nog keertje terug\n\t\t\t\t\t<\/div>\n\t\t\t\t<\/article>\n\t\t\t<\/div>\n\t\t\t<div class=\"gb-entry gb-entry_104 gb-entry-count_4 gwolle_gb_even gwolle-gb-even\" data-entry_id=\"104\">\n\t\t\t\t<article>\n\t\t\t\t\t<div class=\"gb-author-info\">\n\t\t\t\t\t\t<span class=\"gb-author-name\">Joke\n\t\t\t\t\t\t<\/span>\n\t\t\t\t\t<\/div>\n\t\t\t\t\t<div class=\"gb-entry-content\">Met 2 vriendinnen enorm genoten van dit huis en de omgeving. Alles is aanwezig en dat maakt het verblijf allemaal net een stuk plezieriger: Heel fijn zwembad, airconditioning in de slaapkamers, horren voor de ramen. en perfecte bedden.  Wat wil een mens nog meer!\n\t\t\t\t\t<\/div>\n\t\t\t\t<\/article>\n\t\t\t<\/div>\n\t\t\t<div class=\"gb-entry gb-entry_99 gb-entry-count_5 gwolle_gb_uneven gwolle-gb-uneven\" data-entry_id=\"99\">\n\t\t\t\t<article>\n\t\t\t\t\t<div class=\"gb-author-info\">\n\t\t\t\t\t\t<span class=\"gb-author-name\">Hajar en Soufiane\n\t\t\t\t\t\t<\/span>\n\t\t\t\t\t<\/div>\n\t\t\t\t\t<div class=\"gb-entry-content\">Prachtig huis, super locatie. Alles was naar ons wens. Papa, mama en kids hebben allemaal genoten!! Alles verliep correct met de eigenaars! Wat natuurlijk ook zeer belangrijk is. Ons zien ze zeker nog terug. Ik raad dit huis echt iedereen aan!! Top top top.\n\t\t\t\t\t<\/div>\n\t\t\t\t<\/article>\n\t\t\t<\/div>\n\t\t\t<div class=\"gb-entry gb-entry_24 gb-entry-count_6 gwolle_gb_even gwolle-gb-even\" data-entry_id=\"24\">\n\t\t\t\t<article>\n\t\t\t\t\t<div class=\"gb-author-info\">\n\t\t\t\t\t\t<span class=\"gb-author-name\">Gerard en Ellen\n\t\t\t\t\t\t<\/span>\n\t\t\t\t\t<\/div>\n\t\t\t\t\t<div class=\"gb-entry-content\">Als je een geweldig huis zoekt op een ideale locatie, dicht bij Calpe, het karakteristieke Moirara, zeggen wij: perfect. We hebben met het kleine schone strand dichtbij een toptijd gehad. Zwembad erbij en over het klimaat hoeven we eigenlijk niets te zeggen.\n\t\t\t\t\t<\/div>\n\t\t\t\t<\/article>\n\t\t\t<\/div>\n\t\t\t<div class=\"gb-entry gb-entry_19 gb-entry-count_7 gwolle_gb_uneven gwolle-gb-uneven\" data-entry_id=\"19\">\n\t\t\t\t<article>\n\t\t\t\t\t<div class=\"gb-author-info\">\n\t\t\t\t\t\t<span class=\"gb-author-name\">Linda en Eike Jan\n\t\t\t\t\t\t<\/span>\n\t\t\t\t\t<\/div>\n\t\t\t\t\t<div class=\"gb-entry-content\">Wat een heerlijke plek om vakantie te vieren. Een fijn huis met mooie tuin en heerlijk zwembad met genoeg plekjes om heerlijk te relaxen in zon of schaduw. Het huis is ruim, schoon en heeft alles wat je nodig hebt voor een rustige vakantie. Gelegen tussen Moraira en Calpe, met veel gezellige terrassen en winkels om s\u2019avonds heen te gaan. Maar lekker thuis barbecuen kan ook. Echt een aanrader....Zelfs nog paar daagjes langer kunnen blijven was helemaal fijn! We komen graag nog een keer terug!\n\t\t\t\t\t<\/div>\n\t\t\t\t<\/article>\n\t\t\t<\/div>\n\t\t\t<div class=\"gb-entry gb-entry_20 gb-entry-count_8 gwolle_gb_even gwolle-gb-even\" data-entry_id=\"20\">\n\t\t\t\t<article>\n\t\t\t\t\t<div class=\"gb-author-info\">\n\t\t\t\t\t\t<span class=\"gb-author-name\">Antonella\n\t\t\t\t\t\t<\/span>\n\t\t\t\t\t<\/div>\n\t\t\t\t\t<div class=\"gb-entry-content\">The holiday home Frayola was fantastic. The house has it all and nothing is missing. The whole group has had a wonderful week and was sad to have to go on. Casa frayola left us a really good memories of our holiday in Spain. I hope to return soon.<br \/>\r\nThank you very much for everything\n\t\t\t\t\t<\/div>\n\t\t\t\t<\/article>\n\t\t\t<\/div>\n\t\t\t<div class=\"gb-entry gb-entry_21 gb-entry-count_9 gwolle_gb_uneven gwolle-gb-uneven\" data-entry_id=\"21\">\n\t\t\t\t<article>\n\t\t\t\t\t<div class=\"gb-author-info\">\n\t\t\t\t\t\t<span class=\"gb-author-name\">Pierre & Linda\n\t\t\t\t\t\t<\/span>\n\t\t\t\t\t<\/div>\n\t\t\t\t\t<div class=\"gb-entry-content\">We kunnen terug kijken op een heerlijke vakantie, een oase van rust en schoonheid. Een prachtig mooi huis en een heerlijk zwembad waarvan we hebben genoten, het weer was ook prachtig constant rond de 30 graden. We werden opgewacht door Frauke die het huis heeft laten zien. Het zag er schoon en netjes uit, echt van alle gemakken voorzien. Gedurende de week een aantal uitstapjes gedaan, oa naar Morraira, Denia, Calp een prachtige omgeving. Maar vooral uitgerust en een aantal boeken kunnen lezen. Nog bedankt voor alles.\n\t\t\t\t\t<\/div>\n\t\t\t\t<\/article>\n\t\t\t<\/div>\n\t\t\t<div class=\"gb-entry gb-entry_3 gb-entry-count_10 gwolle_gb_even gwolle-gb-even\" data-entry_id=\"3\">\n\t\t\t\t<article>\n\t\t\t\t\t<div class=\"gb-author-info\">\n\t\t\t\t\t\t<span class=\"gb-author-name\">Jens Berner\n\t\t\t\t\t\t<\/span>\n\t\t\t\t\t<\/div>\n\t\t\t\t\t<div class=\"gb-entry-content\">Lovely house, located close to everything. 5 to 10 minutes to beaches, shopping, restaurants, etc. And yet in a quiet neighborhood.<br \/>\r\nThe house contains everything you need and is completely functional. Everything was alright, and the concierge was quick to help with the small things that had to be arranged.<br \/>\r\nGood communication with landlord from start to finish.<br \/>\r\nAll in all, we can only recommend Casa Frayola.\n\t\t\t\t\t<\/div>\n\t\t\t\t<\/article>\n\t\t\t<\/div>\n\t\t\t<div class=\"gb-entry gb-entry_4 gb-entry-count_11 gwolle_gb_uneven gwolle-gb-uneven\" data-entry_id=\"4\">\n\t\t\t\t<article>\n\t\t\t\t\t<div class=\"gb-author-info\">\n\t\t\t\t\t\t<span class=\"gb-author-name\">Rosanne, Hertta, Iida, Rebekka, Emilia, Ella and Carina\n\t\t\t\t\t\t<\/span>\n\t\t\t\t\t<\/div>\n\t\t\t\t\t<div class=\"gb-entry-content\">Hi Frank&amp;Yolanda!!<br \/>\r\nThank you so much that you picked us to stay in your villa. It was perfect and the whole week was perfect and unreal, we could not have asked for a better villa! We also fell in love with Spain and Benissa!!<br \/>\r\nPs, thank you also for the snacks and wine bottle what you left for us, that was sweet of u and much needed then ?<br \/>\r\nHave a wonderful summer! xxx\n\t\t\t\t\t<\/div>\n\t\t\t\t<\/article>\n\t\t\t<\/div>\n\t\t\t<div class=\"gb-entry gb-entry_22 gb-entry-count_12 gwolle_gb_even gwolle-gb-even\" data-entry_id=\"22\">\n\t\t\t\t<article>\n\t\t\t\t\t<div class=\"gb-author-info\">\n\t\t\t\t\t\t<span class=\"gb-author-name\">Arnolda Smolders\n\t\t\t\t\t\t<\/span>\n\t\t\t\t\t<\/div>\n\t\t\t\t\t<div class=\"gb-entry-content\">Net terug van een geweldige vakantie in Benissa, willen wij jullie bedanken voor de goede zorgen. Wij hebben genoten van jullie mooie huis in Spanje dat heel schoon was en aan al onze verwachtingen heeft voldaan.<br \/>\r\nGraag komen wij nog een keer terug om weer te genieten van alles dat de Costa Blanca ons biedt.\n\t\t\t\t\t<\/div>\n\t\t\t\t<\/article>\n\t\t\t<\/div>\n\t\t\t<div class=\"gb-entry gb-entry_5 gb-entry-count_13 gwolle_gb_uneven gwolle-gb-uneven\" data-entry_id=\"5\">\n\t\t\t\t<article>\n\t\t\t\t\t<div class=\"gb-author-info\">\n\t\t\t\t\t\t<span class=\"gb-author-name\">Fr\u00e9d\u00e9rique Vermeulen\n\t\t\t\t\t\t<\/span>\n\t\t\t\t\t<\/div>\n\t\t\t\t\t<div class=\"gb-entry-content\">Tr\u00e8s bien positionn\u00e9e et environnement agr\u00e9able et calme. Maison agr\u00e9able mais vieillissante, pas de t\u00e9l\u00e9 ni de lave-vaisselle, les lits sont tous s\u00e9par\u00e9s, jeune couple a \u00e9vit\u00e9 ?\n\t\t\t\t\t<\/div>\n\t\t\t\t<\/article>\n\t\t\t<\/div>\n\t\t\t<div class=\"gb-entry gb-entry_6 gb-entry-count_14 gwolle_gb_even gwolle-gb-even\" data-entry_id=\"6\">\n\t\t\t\t<article>\n\t\t\t\t\t<div class=\"gb-author-info\">\n\t\t\t\t\t\t<span class=\"gb-author-name\">Herrada\n\t\t\t\t\t\t<\/span>\n\t\t\t\t\t<\/div>\n\t\t\t\t\t<div class=\"gb-entry-content\">Deux semaines excellentes!<br \/>\r\nLa maison correspond tout \u00e0 fait au descriptif\u2026 sinon mieux!<br \/>\r\nL\u2019endroit est superbe au calme et au soleil. Nous avons pass\u00e9 deux semaines magnifiques avec ma femme et mes deux filles de 3 et 6 ans. Endroit \u00e0 recommander et il est certain que nous reviendrons.<br \/>\r\n\u00c9changes avec le propri\u00e9taire (Franck)fluide et sans probl\u00e8mes et le couple sur place qui s\u2019occupe de l\u2019accueil 10\/10, gentils, souriants et sympathiques.\n\t\t\t\t\t<\/div>\n\t\t\t\t<\/article>\n\t\t\t<\/div>\n\t\t\t<div class=\"gb-entry gb-entry_23 gb-entry-count_15 gwolle_gb_uneven gwolle-gb-uneven\" data-entry_id=\"23\">\n\t\t\t\t<article>\n\t\t\t\t\t<div class=\"gb-author-info\">\n\t\t\t\t\t\t<span class=\"gb-author-name\">Joop\n\t\t\t\t\t\t<\/span>\n\t\t\t\t\t<\/div>\n\t\t\t\t\t<div class=\"gb-entry-content\">Tja, we zijn weer terug in het kikkerlandje!<br \/>\r\nWe hebben genoten van het huis, zwembad en het weer. Een mooie en rustige omgeving. De buren Horst en zijn vrouw zijn vriendelijke mensen,, daar boffen jullie mee, denk ik.<br \/>\r\nNogmaals we hebben erg genoten!<br \/>\r\nDank voor jullie service en ik wens  jullie nog veel plezier met Casa Frayola. Wie weet wat de toekomst nog brengt voor ons in Benissa.\n\t\t\t\t\t<\/div>\n\t\t\t\t<\/article>\n\t\t\t<\/div>\n\t\t\t<div class=\"gb-entry gb-entry_7 gb-entry-count_16 gwolle_gb_even gwolle-gb-even\" data-entry_id=\"7\">\n\t\t\t\t<article>\n\t\t\t\t\t<div class=\"gb-author-info\">\n\t\t\t\t\t\t<span class=\"gb-author-name\">Valou H\n\t\t\t\t\t\t<\/span>\n\t\t\t\t\t<\/div>\n\t\t\t\t\t<div class=\"gb-entry-content\">Nous avons pass\u00e9 un excellent s\u00e9jour \u00e0 BENISSA. La maison est tr\u00e8s confortable, propre, avec tous les \u00e9quipements n\u00e9cessaires.Nous avons \u00e9t\u00e9 tr\u00e8s bien re\u00e7u \u00e0 notre arriv\u00e9e ,la r\u00e9gion est magnifique. A recommander.\n\t\t\t\t\t<\/div>\n\t\t\t\t<\/article>\n\t\t\t<\/div>\n\t\t\t<\/div><\/div>\n<\/div>\n<\/div><\/div><\/div><div id=\"pgc-2750-1-2\"  class=\"panel-grid-cell panel-grid-cell-empty\" ><\/div><\/div><\/div><\/div>","protected":false},"excerpt":{"rendered":"<p>Schrijf een review xVerberg dit formulier. Naam * &nbsp; E-mail * &nbsp; Pas dit niet aan Pas dit niet aan Pas dit niet aan Pas dit niet aan Gastenboekbericht * &nbsp; Waarschuwing: dit formulier kan alleen gebruikt worden als JavaScript ingeschakeld is in de browser. &nbsp; &nbsp; Velden gemarkeerd met * zijn verplicht. Je e-mailadres [&hellip;]<\/p>\n","protected":false},"author":5,"featured_media":0,"parent":0,"menu_order":0,"comment_status":"closed","ping_status":"closed","template":"template-fullwidth.php","meta":{"ngg_post_thumbnail":0,"jetpack_post_was_ever_published":false,"footnotes":""},"class_list":["post-2750","page","type-page","status-publish","hentry"],"jetpack_sharing_enabled":true,"jetpack_shortlink":"https:\/\/wp.me\/P5nf13-Im","_links":{"self":[{"href":"https:\/\/www.casa-frayola.nl\/nieuw\/wp-json\/wp\/v2\/pages\/2750","targetHints":{"allow":["GET"]}}],"collection":[{"href":"https:\/\/www.casa-frayola.nl\/nieuw\/wp-json\/wp\/v2\/pages"}],"about":[{"href":"https:\/\/www.casa-frayola.nl\/nieuw\/wp-json\/wp\/v2\/types\/page"}],"author":[{"embeddable":true,"href":"https:\/\/www.casa-frayola.nl\/nieuw\/wp-json\/wp\/v2\/users\/5"}],"replies":[{"embeddable":true,"href":"https:\/\/www.casa-frayola.nl\/nieuw\/wp-json\/wp\/v2\/comments?post=2750"}],"version-history":[{"count":5,"href":"https:\/\/www.casa-frayola.nl\/nieuw\/wp-json\/wp\/v2\/pages\/2750\/revisions"}],"predecessor-version":[{"id":2770,"href":"https:\/\/www.casa-frayola.nl\/nieuw\/wp-json\/wp\/v2\/pages\/2750\/revisions\/2770"}],"wp:attachment":[{"href":"https:\/\/www.casa-frayola.nl\/nieuw\/wp-json\/wp\/v2\/media?parent=2750"}],"curies":[{"name":"wp","href":"https:\/\/api.w.org\/{rel}","templated":true}]}}